{"id":7927,"date":"2025-07-15T20:35:15","date_gmt":"2025-07-15T23:35:15","guid":{"rendered":"https:\/\/amplitudmodulada.com.ar\/?page_id=7927"},"modified":"2025-07-15T20:45:24","modified_gmt":"2025-07-15T23:45:24","slug":"noticia13769","status":"publish","type":"page","link":"https:\/\/amplitudmodulada.com.ar\/index.php\/noticia13769\/","title":{"rendered":"Alejandro Dolina dialog\u00f3 con V\u00edctor Hugo Morales en AM 750"},"content":{"rendered":"\n<figure class=\"wp-block-image size-full is-style-rounded\"><img loading=\"lazy\" decoding=\"async\" width=\"144\" height=\"75\" src=\"http:\/\/amplitudmodulada.com.ar\/wp-content\/uploads\/2024\/01\/750-e1705525955651.jpg\" alt=\"\" class=\"wp-image-348\"\/><\/figure>\n\n\n\n<p>En el marco de su 81\u00ba cumplea\u00f1os, el escritor y conductor radial Alejandro Dolina dialog\u00f3 en LRL203 AM 750 con V\u00edctor Hugo Morales y reflexion\u00f3 acerca del paso del tiempo y la mortalidad.<\/p>\n\n\n\n<p>Al hacer referencia a un cumplea\u00f1os, Alejandro Dolina manifest\u00f3 que &#8220;todas las cosas que denotan el paso del tiempo, en \u00faltima instancia, tienen un sabor amargo&#8221;.<\/p>\n\n\n\n<p>&#8220;Pasa con las fiestas, los aniversarios, con los cumplea\u00f1os de otros y, desde luego, con el propio. El paso del tiempo es angustiante, en \u00faltima instancia y todas las cosas que lo denotan son socias de esa angustia&#8221;, indic\u00f3 el conductor del programa &#8220;La Venganza Ser\u00e1 Terrible&#8221;.<\/p>\n\n\n\n<p>De todos modos, asegur\u00f3 que &#8220;es grato apagar una vela en compa\u00f1\u00eda de las personas que lo quieren a uno, que le regalen una camiseta&#8221; y a\u00f1adi\u00f3 que &#8220;esas cosas son las peque\u00f1as alegr\u00edas de la vida, las \u00fanicas que hay, pero no puedo evitar en el cumplea\u00f1os que al final haya un gustito amargo, que es la angustia de vivir, de ser mortal&#8221;.<\/p>\n\n\n\n<p>&#8220;A mi me gusta tanto vivir que me da bronca tener que dejar en alg\u00fan momento y el cumplea\u00f1os es la recordaci\u00f3n de ese hecho&#8221;, concluy\u00f3.<\/p>\n\n\n\n<p>Alejandro Dolina conduce en AM 750 el programa &#8220;La Venganza Ser\u00e1 Terrible&#8221;, que se emite de martes a s\u00e1bados de 0.00 a 2.00 horas.<\/p>\n\n\n\n<p>Fuente: <a href=\"http:\/\/www.pagina12.com.ar\" data-type=\"link\" data-id=\"www.pagina12.com.ar\" target=\"_blank\" rel=\"noreferrer noopener\">www.pagina12.com.ar<\/a> | Ciudad Aut\u00f3noma de Buenos Aires | 20.05.25 <\/p>\n","protected":false},"excerpt":{"rendered":"<p>En el marco de su 81\u00ba cumplea\u00f1os, el escritor y conductor radial Alejandro Dolina dialog\u00f3 en LRL203 AM 750 con V\u00edctor Hugo Morales y reflexion\u00f3 acerca del paso del tiempo y la mortalidad. Al hacer referencia a un cumplea\u00f1os, Alejandro Dolina manifest\u00f3 que &#8220;todas las cosas que denotan el paso del tiempo, en \u00faltima instancia, &hellip; <a href=\"https:\/\/amplitudmodulada.com.ar\/index.php\/noticia13769\/\" class=\"more-link\">Continu\u00e1 leyendo <span class=\"screen-reader-text\">Alejandro Dolina dialog\u00f3 con V\u00edctor Hugo Morales en AM 750<\/span><\/a><\/p>\n","protected":false},"author":1,"featured_media":0,"parent":0,"menu_order":0,"comment_status":"closed","ping_status":"closed","template":"","meta":{"footnotes":""},"class_list":["post-7927","page","type-page","status-publish","hentry"],"_links":{"self":[{"href":"https:\/\/amplitudmodulada.com.ar\/index.php\/wp-json\/wp\/v2\/pages\/7927","targetHints":{"allow":["GET"]}}],"collection":[{"href":"https:\/\/amplitudmodulada.com.ar\/index.php\/wp-json\/wp\/v2\/pages"}],"about":[{"href":"https:\/\/amplitudmodulada.com.ar\/index.php\/wp-json\/wp\/v2\/types\/page"}],"author":[{"embeddable":true,"href":"https:\/\/amplitudmodulada.com.ar\/index.php\/wp-json\/wp\/v2\/users\/1"}],"replies":[{"embeddable":true,"href":"https:\/\/amplitudmodulada.com.ar\/index.php\/wp-json\/wp\/v2\/comments?post=7927"}],"version-history":[{"count":2,"href":"https:\/\/amplitudmodulada.com.ar\/index.php\/wp-json\/wp\/v2\/pages\/7927\/revisions"}],"predecessor-version":[{"id":7930,"href":"https:\/\/amplitudmodulada.com.ar\/index.php\/wp-json\/wp\/v2\/pages\/7927\/revisions\/7930"}],"wp:attachment":[{"href":"https:\/\/amplitudmodulada.com.ar\/index.php\/wp-json\/wp\/v2\/media?parent=7927"}],"curies":[{"name":"wp","href":"https:\/\/api.w.org\/{rel}","templated":true}]}}