{"id":8038,"date":"2025-07-28T19:09:48","date_gmt":"2025-07-28T22:09:48","guid":{"rendered":"https:\/\/amplitudmodulada.com.ar\/?page_id=8038"},"modified":"2025-07-28T19:17:37","modified_gmt":"2025-07-28T22:17:37","slug":"noticia13785","status":"publish","type":"page","link":"https:\/\/amplitudmodulada.com.ar\/index.php\/noticia13785\/","title":{"rendered":"Eduardo Serenellini vuelve a Radio Continental"},"content":{"rendered":"\n<figure class=\"wp-block-image size-full\"><img loading=\"lazy\" decoding=\"async\" width=\"178\" height=\"51\" src=\"http:\/\/amplitudmodulada.com.ar\/wp-content\/uploads\/2024\/01\/590-e1704494003192.png\" alt=\"\" class=\"wp-image-14\"\/><\/figure>\n\n\n\n<p>Tras su experiencia como funcionario del gobierno de Javier Milei, el periodista Eduardo Serenellini vuelve a la radio. Conducir\u00e1 a partir de la pr\u00f3xima semana en LS4 Radio Continental el programa &#8220;Pulso Continental&#8221;, que se emitir\u00e1 de lunes a viernes de 17.00 a 19.00 horas.<\/p>\n\n\n\n<p>Eduardo Serenelli hab\u00eda renunciado en enero de este a\u00f1o al cargo de Secretario de Prensa del gobierno de Javier Milei.<\/p>\n\n\n\n<p>Seg\u00fan se\u00f1ala el sitio Expediente Pol\u00edtico, el ex funcionario &#8220;no ten\u00eda el respaldo de Karina Milei ni de Santiago Caputo, los otros dos integrantes del Tri\u00e1ngulo de Hierro&#8221; y adem\u00e1s &#8220;arrastraba una interna feroz con Manuel Adorni, el vocero de Milei&#8221;.<\/p>\n\n\n\n<p>&#8220;En ese contexto, su figura estaba abocada principalmente a participar de actos protocolares con ONG y hacer recorridas por el interior del pa\u00eds&#8221;, a\u00f1ade el citado sitio.<\/p>\n\n\n\n<p>Fuente: <a href=\"http:\/\/www.expedientepolitico.com.ar\" data-type=\"link\" data-id=\"www.expedientepolitico.com.ar\" target=\"_blank\" rel=\"noreferrer noopener\">www.expedientepolitico.com.ar<\/a> | Ciudad Aut\u00f3noma de Buenos Aires | 29.05.25<\/p>\n","protected":false},"excerpt":{"rendered":"<p>Tras su experiencia como funcionario del gobierno de Javier Milei, el periodista Eduardo Serenellini vuelve a la radio. Conducir\u00e1 a partir de la pr\u00f3xima semana en LS4 Radio Continental el programa &#8220;Pulso Continental&#8221;, que se emitir\u00e1 de lunes a viernes de 17.00 a 19.00 horas. Eduardo Serenelli hab\u00eda renunciado en enero de este a\u00f1o al &hellip; <a href=\"https:\/\/amplitudmodulada.com.ar\/index.php\/noticia13785\/\" class=\"more-link\">Continu\u00e1 leyendo <span class=\"screen-reader-text\">Eduardo Serenellini vuelve a Radio Continental<\/span><\/a><\/p>\n","protected":false},"author":1,"featured_media":0,"parent":0,"menu_order":0,"comment_status":"closed","ping_status":"closed","template":"","meta":{"footnotes":""},"class_list":["post-8038","page","type-page","status-publish","hentry"],"_links":{"self":[{"href":"https:\/\/amplitudmodulada.com.ar\/index.php\/wp-json\/wp\/v2\/pages\/8038","targetHints":{"allow":["GET"]}}],"collection":[{"href":"https:\/\/amplitudmodulada.com.ar\/index.php\/wp-json\/wp\/v2\/pages"}],"about":[{"href":"https:\/\/amplitudmodulada.com.ar\/index.php\/wp-json\/wp\/v2\/types\/page"}],"author":[{"embeddable":true,"href":"https:\/\/amplitudmodulada.com.ar\/index.php\/wp-json\/wp\/v2\/users\/1"}],"replies":[{"embeddable":true,"href":"https:\/\/amplitudmodulada.com.ar\/index.php\/wp-json\/wp\/v2\/comments?post=8038"}],"version-history":[{"count":2,"href":"https:\/\/amplitudmodulada.com.ar\/index.php\/wp-json\/wp\/v2\/pages\/8038\/revisions"}],"predecessor-version":[{"id":8041,"href":"https:\/\/amplitudmodulada.com.ar\/index.php\/wp-json\/wp\/v2\/pages\/8038\/revisions\/8041"}],"wp:attachment":[{"href":"https:\/\/amplitudmodulada.com.ar\/index.php\/wp-json\/wp\/v2\/media?parent=8038"}],"curies":[{"name":"wp","href":"https:\/\/api.w.org\/{rel}","templated":true}]}}