{"id":8050,"date":"2025-07-28T20:23:49","date_gmt":"2025-07-28T23:23:49","guid":{"rendered":"https:\/\/amplitudmodulada.com.ar\/?page_id=8050"},"modified":"2025-07-28T20:31:45","modified_gmt":"2025-07-28T23:31:45","slug":"noticia13787","status":"publish","type":"page","link":"https:\/\/amplitudmodulada.com.ar\/index.php\/noticia13787\/","title":{"rendered":"LU32 Radio Olavarr\u00eda estar\u00e1 presente en Agroactiva 2025"},"content":{"rendered":"\n<figure class=\"wp-block-image size-full\"><img loading=\"lazy\" decoding=\"async\" width=\"110\" height=\"110\" src=\"http:\/\/amplitudmodulada.com.ar\/wp-content\/uploads\/2025\/01\/LU32-e1737925788704.jpg\" alt=\"\" class=\"wp-image-5776\"\/><\/figure>\n\n\n\n<p>LU32 Radio Olavarr\u00eda estar\u00b4a presente en Agroactiva 2025, la exposici\u00f3n agropecuaria que se llevar\u00e1 a cabo en Armstrong, provincia de Santa Fe, entre el 4 y el 7 de junio pr\u00f3ximo.<\/p>\n\n\n\n<p>C\u00e9sar Laborde, periodista especializado en temas agropecuarios, ser\u00e1 el corresponsal de la emisora en la muestra agropecuaria.<\/p>\n\n\n\n<p>El periodista tendr\u00e1 tres salidas diarias en Radio Olavarr\u00eda, a las 10.30 en &#8220;Entre Amigos&#8221;, a las 12.40 horas en &#8220;Sinton\u00eda Agropecuaria&#8221; y a las 19.30 horas en &#8220;Aqu\u00ed Estamos. Segunda Edici\u00f3n&#8221;.<\/p>\n\n\n\n<p>Fuente: <a href=\"http:\/\/www.lu32.com.ar\" data-type=\"link\" data-id=\"www.lu32.com.ar\" target=\"_blank\" rel=\"noreferrer noopener\">www.lu32.com.ar<\/a> | Olavarr\u00eda &#8211; Buenos Aires | 02.06.25<\/p>\n","protected":false},"excerpt":{"rendered":"<p>LU32 Radio Olavarr\u00eda estar\u00b4a presente en Agroactiva 2025, la exposici\u00f3n agropecuaria que se llevar\u00e1 a cabo en Armstrong, provincia de Santa Fe, entre el 4 y el 7 de junio pr\u00f3ximo. C\u00e9sar Laborde, periodista especializado en temas agropecuarios, ser\u00e1 el corresponsal de la emisora en la muestra agropecuaria. El periodista tendr\u00e1 tres salidas diarias en &hellip; <a href=\"https:\/\/amplitudmodulada.com.ar\/index.php\/noticia13787\/\" class=\"more-link\">Continu\u00e1 leyendo <span class=\"screen-reader-text\">LU32 Radio Olavarr\u00eda estar\u00e1 presente en Agroactiva 2025<\/span><\/a><\/p>\n","protected":false},"author":1,"featured_media":0,"parent":0,"menu_order":0,"comment_status":"closed","ping_status":"closed","template":"","meta":{"footnotes":""},"class_list":["post-8050","page","type-page","status-publish","hentry"],"_links":{"self":[{"href":"https:\/\/amplitudmodulada.com.ar\/index.php\/wp-json\/wp\/v2\/pages\/8050","targetHints":{"allow":["GET"]}}],"collection":[{"href":"https:\/\/amplitudmodulada.com.ar\/index.php\/wp-json\/wp\/v2\/pages"}],"about":[{"href":"https:\/\/amplitudmodulada.com.ar\/index.php\/wp-json\/wp\/v2\/types\/page"}],"author":[{"embeddable":true,"href":"https:\/\/amplitudmodulada.com.ar\/index.php\/wp-json\/wp\/v2\/users\/1"}],"replies":[{"embeddable":true,"href":"https:\/\/amplitudmodulada.com.ar\/index.php\/wp-json\/wp\/v2\/comments?post=8050"}],"version-history":[{"count":3,"href":"https:\/\/amplitudmodulada.com.ar\/index.php\/wp-json\/wp\/v2\/pages\/8050\/revisions"}],"predecessor-version":[{"id":8054,"href":"https:\/\/amplitudmodulada.com.ar\/index.php\/wp-json\/wp\/v2\/pages\/8050\/revisions\/8054"}],"wp:attachment":[{"href":"https:\/\/amplitudmodulada.com.ar\/index.php\/wp-json\/wp\/v2\/media?parent=8050"}],"curies":[{"name":"wp","href":"https:\/\/api.w.org\/{rel}","templated":true}]}}