{"id":8240,"date":"2025-08-14T17:22:57","date_gmt":"2025-08-14T20:22:57","guid":{"rendered":"https:\/\/amplitudmodulada.com.ar\/?page_id=8240"},"modified":"2025-08-14T17:31:33","modified_gmt":"2025-08-14T20:31:33","slug":"noticia13814","status":"publish","type":"page","link":"https:\/\/amplitudmodulada.com.ar\/index.php\/noticia13814\/","title":{"rendered":"Muere Talero Pellegrini, el conductor del programa m\u00e1s longevo de Radio Provincia de Buenos Aires"},"content":{"rendered":"\n<figure class=\"wp-block-image size-full\"><img loading=\"lazy\" decoding=\"async\" width=\"120\" height=\"120\" src=\"http:\/\/amplitudmodulada.com.ar\/wp-content\/uploads\/2024\/01\/1270-e1706133975157.png\" alt=\"\" class=\"wp-image-597\"\/><\/figure>\n\n\n\n<p>LS11 Radio Provincia de Buenos Aires inform\u00f3 este mi\u00e9rcoles 18 de junio el fallecimiento de Talero Pellegrini, hist\u00f3rico conductor de &#8220;Tangentes en Jazz&#8221;, el programa m\u00e1s longevo de la emisora, con sesenta y seis a\u00f1os en el aire.<\/p>\n\n\n\n<p>&#8220;Su carisma, su maestr\u00eda y conocimiento constituyen un sello que quedar\u00e1 indeleble en la historia de la Radio P\u00fablica&#8221;, se\u00f1al\u00f3 Radio Provincia de Buenos Aires.<\/p>\n\n\n\n<p>En 2022, en el marco de los festejos por el 85\u00ba aniversario de Radio Provincia de Buenos Aires, trabajadoras y trabajadores descubrieron una placa en la entrada del estudio central que lleva su nombre.<\/p>\n\n\n\n<p>&#8220;Hoy, ese homenaje adquiere una dimensi\u00f3n m\u00e1s profunda: cada vez que entremos a ese estudio, lo haremos recordando su voz, su calidez y su legado intenso. Talero no se va: vive en el aire, en la m\u00fasica y en cada rinc\u00f3n de esta radio que fue su casa&#8221;, a\u00f1adi\u00f3 la emisora platense.<\/p>\n\n\n\n<p>Fuente: <a href=\"http:\/\/www.radioprovincia.gba.gob.ar\" data-type=\"link\" data-id=\"www.radioprovincia.gba.gob.ar\" target=\"_blank\" rel=\"noreferrer noopener\">www.radioprovincia.gba.gob.ar<\/a> | La Plata &#8211; Buenos Aires | 18.06.25<\/p>\n","protected":false},"excerpt":{"rendered":"<p>LS11 Radio Provincia de Buenos Aires inform\u00f3 este mi\u00e9rcoles 18 de junio el fallecimiento de Talero Pellegrini, hist\u00f3rico conductor de &#8220;Tangentes en Jazz&#8221;, el programa m\u00e1s longevo de la emisora, con sesenta y seis a\u00f1os en el aire. &#8220;Su carisma, su maestr\u00eda y conocimiento constituyen un sello que quedar\u00e1 indeleble en la historia de la &hellip; <a href=\"https:\/\/amplitudmodulada.com.ar\/index.php\/noticia13814\/\" class=\"more-link\">Continu\u00e1 leyendo <span class=\"screen-reader-text\">Muere Talero Pellegrini, el conductor del programa m\u00e1s longevo de Radio Provincia de Buenos Aires<\/span><\/a><\/p>\n","protected":false},"author":1,"featured_media":0,"parent":0,"menu_order":0,"comment_status":"closed","ping_status":"closed","template":"","meta":{"footnotes":""},"class_list":["post-8240","page","type-page","status-publish","hentry"],"_links":{"self":[{"href":"https:\/\/amplitudmodulada.com.ar\/index.php\/wp-json\/wp\/v2\/pages\/8240","targetHints":{"allow":["GET"]}}],"collection":[{"href":"https:\/\/amplitudmodulada.com.ar\/index.php\/wp-json\/wp\/v2\/pages"}],"about":[{"href":"https:\/\/amplitudmodulada.com.ar\/index.php\/wp-json\/wp\/v2\/types\/page"}],"author":[{"embeddable":true,"href":"https:\/\/amplitudmodulada.com.ar\/index.php\/wp-json\/wp\/v2\/users\/1"}],"replies":[{"embeddable":true,"href":"https:\/\/amplitudmodulada.com.ar\/index.php\/wp-json\/wp\/v2\/comments?post=8240"}],"version-history":[{"count":2,"href":"https:\/\/amplitudmodulada.com.ar\/index.php\/wp-json\/wp\/v2\/pages\/8240\/revisions"}],"predecessor-version":[{"id":8243,"href":"https:\/\/amplitudmodulada.com.ar\/index.php\/wp-json\/wp\/v2\/pages\/8240\/revisions\/8243"}],"wp:attachment":[{"href":"https:\/\/amplitudmodulada.com.ar\/index.php\/wp-json\/wp\/v2\/media?parent=8240"}],"curies":[{"name":"wp","href":"https:\/\/api.w.org\/{rel}","templated":true}]}}