{"id":8482,"date":"2025-09-03T21:08:12","date_gmt":"2025-09-04T00:08:12","guid":{"rendered":"https:\/\/amplitudmodulada.com.ar\/?page_id=8482"},"modified":"2025-09-03T21:20:25","modified_gmt":"2025-09-04T00:20:25","slug":"noticia13845","status":"publish","type":"page","link":"https:\/\/amplitudmodulada.com.ar\/index.php\/noticia13845\/","title":{"rendered":"Denuncian el vaciamiento de Radio Nacional"},"content":{"rendered":"\n<figure class=\"wp-block-image size-full\"><img loading=\"lazy\" decoding=\"async\" width=\"179\" height=\"53\" src=\"http:\/\/amplitudmodulada.com.ar\/wp-content\/uploads\/2024\/01\/Fatpren-e1705344790951.png\" alt=\"\" class=\"wp-image-292\"\/><\/figure>\n\n\n\n<p>En el marco del 88\u00ba aniversario de la primera emisi\u00f3n de Radio Nacional, la Federaci\u00f3n Argentina de Trabajadores de Prensa (FATPREN) denunci\u00f3 el vaciamiento de la emisora p\u00fablica.<\/p>\n\n\n\n<p>&#8220;El gobierno nacional ataca a la prensa tambi\u00e9n en los medios p\u00fablicos: censura, apagones informativos en lugares del pa\u00eds donde no hay otra posibilidad de comunicaci\u00f3n, desprecio por las audiencias con cambios de programaci\u00f3n repentinos, silenciamiento de las producciones locales con emisoras que repiten contenidos porte\u00f1os&#8221;, denuncia la entidad sindical.<\/p>\n\n\n\n<p>En ese sentido, FATPREN indica que &#8220;as\u00ed, la funci\u00f3n de Radio Nacional se ve degradada&#8221; y a\u00f1ade que &#8220;el gobierno la vac\u00eda porque necesita una radio p\u00fablica callada, para que no se escuche la entrega de la soberan\u00eda, los \u00edndices que muestran que el modelo econ\u00f3mico hunde a nuestro pueblo en la miseria y la desocupaci\u00f3n y la violencia que ejerce sobre quienes reclamamos&#8221;.<\/p>\n\n\n\n<p>07.07.25<\/p>\n","protected":false},"excerpt":{"rendered":"<p>En el marco del 88\u00ba aniversario de la primera emisi\u00f3n de Radio Nacional, la Federaci\u00f3n Argentina de Trabajadores de Prensa (FATPREN) denunci\u00f3 el vaciamiento de la emisora p\u00fablica. &#8220;El gobierno nacional ataca a la prensa tambi\u00e9n en los medios p\u00fablicos: censura, apagones informativos en lugares del pa\u00eds donde no hay otra posibilidad de comunicaci\u00f3n, desprecio &hellip; <a href=\"https:\/\/amplitudmodulada.com.ar\/index.php\/noticia13845\/\" class=\"more-link\">Continu\u00e1 leyendo <span class=\"screen-reader-text\">Denuncian el vaciamiento de Radio Nacional<\/span><\/a><\/p>\n","protected":false},"author":1,"featured_media":0,"parent":0,"menu_order":0,"comment_status":"closed","ping_status":"closed","template":"","meta":{"footnotes":""},"class_list":["post-8482","page","type-page","status-publish","hentry"],"_links":{"self":[{"href":"https:\/\/amplitudmodulada.com.ar\/index.php\/wp-json\/wp\/v2\/pages\/8482","targetHints":{"allow":["GET"]}}],"collection":[{"href":"https:\/\/amplitudmodulada.com.ar\/index.php\/wp-json\/wp\/v2\/pages"}],"about":[{"href":"https:\/\/amplitudmodulada.com.ar\/index.php\/wp-json\/wp\/v2\/types\/page"}],"author":[{"embeddable":true,"href":"https:\/\/amplitudmodulada.com.ar\/index.php\/wp-json\/wp\/v2\/users\/1"}],"replies":[{"embeddable":true,"href":"https:\/\/amplitudmodulada.com.ar\/index.php\/wp-json\/wp\/v2\/comments?post=8482"}],"version-history":[{"count":2,"href":"https:\/\/amplitudmodulada.com.ar\/index.php\/wp-json\/wp\/v2\/pages\/8482\/revisions"}],"predecessor-version":[{"id":8485,"href":"https:\/\/amplitudmodulada.com.ar\/index.php\/wp-json\/wp\/v2\/pages\/8482\/revisions\/8485"}],"wp:attachment":[{"href":"https:\/\/amplitudmodulada.com.ar\/index.php\/wp-json\/wp\/v2\/media?parent=8482"}],"curies":[{"name":"wp","href":"https:\/\/api.w.org\/{rel}","templated":true}]}}