{"id":862,"date":"2024-02-17T14:41:14","date_gmt":"2024-02-17T17:41:14","guid":{"rendered":"https:\/\/amplitudmodulada.com.ar\/?page_id=862"},"modified":"2024-02-17T15:29:13","modified_gmt":"2024-02-17T18:29:13","slug":"noticia12878","status":"publish","type":"page","link":"https:\/\/amplitudmodulada.com.ar\/index.php\/noticia12878\/","title":{"rendered":"El Gobierno Nacional dispuso por decreto la intervenci\u00f3n de los medios p\u00fablicos"},"content":{"rendered":"\n<figure class=\"wp-block-image size-full\"><img loading=\"lazy\" decoding=\"async\" width=\"126\" height=\"90\" src=\"http:\/\/amplitudmodulada.com.ar\/wp-content\/uploads\/2024\/01\/LRA-1-e1705537613873.png\" alt=\"\" class=\"wp-image-434\"\/><\/figure>\n\n\n\n<p>A trav\u00e9s del Decreto 117\/2024, publicado este lunes en el Bolet\u00edn Oficial, el Gobierno Nacional dispuso la intervenci\u00f3n de la agencia T\u00e9lam, Radio y Televisi\u00f3n Argentina Sociedad del Estado, el portal Educ.Ar y la firma Contenidos P\u00fablicos.<\/p>\n\n\n\n<p>El citado decreto lleva la firma de Javier Milei y el ministro del Interior, Guillermo Francos, dispone la intervenci\u00f3n por el plazo de un a\u00f1o y designa como interventor a Diego Chaher y como interventor adjunto a Diego Mar\u00edas.<\/p>\n\n\n\n<p>Ambos interventores estar\u00e1n bajo la \u00f3rbita de la Jefatura de Gabinete, al comando de Nicol\u00e1s Posse.<\/p>\n\n\n\n<p>Diego Chaher fue administrador del Grupo Am\u00e9rica por casi dos d\u00e9cadas, en tanto que Diego Mar\u00edas ejerci\u00f3 como ex legislador porte\u00f1o del PRO y fue miembro del Consejo de la Magistratura.<\/p>\n\n\n\n<p>A pesar de que el plazo de intervenci\u00f3n es por doce meses, la normativa destaca que dicho per\u00edodo podr\u00e1 &#8220;ser prorrogado por \u00fanica vez&#8221; por la Jefatura de Gabinete de Ministros.<\/p>\n\n\n\n<p>Fuente: <a href=\"http:\/\/www.pagina12.com.ar\" data-type=\"link\" data-id=\"www.pagina12.com.ar\" target=\"_blank\" rel=\"noreferrer noopener\">www.pagina12.com.ar<\/a> | Ciudad Aut\u00f3noma de Buenos Aires | 05.02.24<\/p>\n","protected":false},"excerpt":{"rendered":"<p>A trav\u00e9s del Decreto 117\/2024, publicado este lunes en el Bolet\u00edn Oficial, el Gobierno Nacional dispuso la intervenci\u00f3n de la agencia T\u00e9lam, Radio y Televisi\u00f3n Argentina Sociedad del Estado, el portal Educ.Ar y la firma Contenidos P\u00fablicos. El citado decreto lleva la firma de Javier Milei y el ministro del Interior, Guillermo Francos, dispone la &hellip; <a href=\"https:\/\/amplitudmodulada.com.ar\/index.php\/noticia12878\/\" class=\"more-link\">Continu\u00e1 leyendo <span class=\"screen-reader-text\">El Gobierno Nacional dispuso por decreto la intervenci\u00f3n de los medios p\u00fablicos<\/span><\/a><\/p>\n","protected":false},"author":1,"featured_media":0,"parent":0,"menu_order":0,"comment_status":"closed","ping_status":"closed","template":"","meta":{"footnotes":""},"class_list":["post-862","page","type-page","status-publish","hentry"],"_links":{"self":[{"href":"https:\/\/amplitudmodulada.com.ar\/index.php\/wp-json\/wp\/v2\/pages\/862","targetHints":{"allow":["GET"]}}],"collection":[{"href":"https:\/\/amplitudmodulada.com.ar\/index.php\/wp-json\/wp\/v2\/pages"}],"about":[{"href":"https:\/\/amplitudmodulada.com.ar\/index.php\/wp-json\/wp\/v2\/types\/page"}],"author":[{"embeddable":true,"href":"https:\/\/amplitudmodulada.com.ar\/index.php\/wp-json\/wp\/v2\/users\/1"}],"replies":[{"embeddable":true,"href":"https:\/\/amplitudmodulada.com.ar\/index.php\/wp-json\/wp\/v2\/comments?post=862"}],"version-history":[{"count":3,"href":"https:\/\/amplitudmodulada.com.ar\/index.php\/wp-json\/wp\/v2\/pages\/862\/revisions"}],"predecessor-version":[{"id":867,"href":"https:\/\/amplitudmodulada.com.ar\/index.php\/wp-json\/wp\/v2\/pages\/862\/revisions\/867"}],"wp:attachment":[{"href":"https:\/\/amplitudmodulada.com.ar\/index.php\/wp-json\/wp\/v2\/media?parent=862"}],"curies":[{"name":"wp","href":"https:\/\/api.w.org\/{rel}","templated":true}]}}