{"id":8675,"date":"2025-09-12T11:26:35","date_gmt":"2025-09-12T14:26:35","guid":{"rendered":"https:\/\/amplitudmodulada.com.ar\/?page_id=8675"},"modified":"2025-09-12T11:35:01","modified_gmt":"2025-09-12T14:35:01","slug":"noticia13872","status":"publish","type":"page","link":"https:\/\/amplitudmodulada.com.ar\/index.php\/noticia13872\/","title":{"rendered":"El periodista V\u00edctor Hugo Morales vuelve a la televisi\u00f3n"},"content":{"rendered":"\n<figure class=\"wp-block-image size-full\"><img loading=\"lazy\" decoding=\"async\" width=\"112\" height=\"110\" src=\"http:\/\/amplitudmodulada.com.ar\/wp-content\/uploads\/2025\/09\/ipnoticias-e1757687306512.png\" alt=\"\" class=\"wp-image-8679\"\/><\/figure>\n\n\n\n<p>El periodista y relator V\u00edctor Hugo Morales anunci\u00f3 su regreso a la pantalla chica a trav\u00e9s de IP Noticias, la se\u00f1al de cable que opera el Grupo Octubre.<\/p>\n\n\n\n<p>El debut de V\u00edctor Hugo Morales est\u00e1 previsto para el lunes 4 de agosto, en un ciclo que promete an\u00e1lisis pol\u00edtico, econ\u00f3mico y social con el estilo directo y reflexivo que lo caracteriza.<\/p>\n\n\n\n<p>La incorporaci\u00f3n de V\u00edctor Hugo Morales representa un fuerte impulso para IP Noticias, se\u00f1al lanzada en 2020.<\/p>\n\n\n\n<p>El programa de V\u00edctor Hugo Morales se emitir\u00e1 de lunes a viernes de 19.00 a 21.00 horas.<\/p>\n\n\n\n<p>Fuente: <a href=\"http:\/\/www.tiempoar.com.ar\" data-type=\"link\" data-id=\"www.tiempoar.com.ar\" target=\"_blank\" rel=\"noreferrer noopener\">www.tiempoar.com.ar<\/a> | Ciudad Aut\u00f3noma de Buenos Aires | 17.07.25<\/p>\n\n\n\n<p><\/p>\n","protected":false},"excerpt":{"rendered":"<p>El periodista y relator V\u00edctor Hugo Morales anunci\u00f3 su regreso a la pantalla chica a trav\u00e9s de IP Noticias, la se\u00f1al de cable que opera el Grupo Octubre. El debut de V\u00edctor Hugo Morales est\u00e1 previsto para el lunes 4 de agosto, en un ciclo que promete an\u00e1lisis pol\u00edtico, econ\u00f3mico y social con el estilo &hellip; <a href=\"https:\/\/amplitudmodulada.com.ar\/index.php\/noticia13872\/\" class=\"more-link\">Continu\u00e1 leyendo <span class=\"screen-reader-text\">El periodista V\u00edctor Hugo Morales vuelve a la televisi\u00f3n<\/span><\/a><\/p>\n","protected":false},"author":1,"featured_media":0,"parent":0,"menu_order":0,"comment_status":"closed","ping_status":"closed","template":"","meta":{"footnotes":""},"class_list":["post-8675","page","type-page","status-publish","hentry"],"_links":{"self":[{"href":"https:\/\/amplitudmodulada.com.ar\/index.php\/wp-json\/wp\/v2\/pages\/8675","targetHints":{"allow":["GET"]}}],"collection":[{"href":"https:\/\/amplitudmodulada.com.ar\/index.php\/wp-json\/wp\/v2\/pages"}],"about":[{"href":"https:\/\/amplitudmodulada.com.ar\/index.php\/wp-json\/wp\/v2\/types\/page"}],"author":[{"embeddable":true,"href":"https:\/\/amplitudmodulada.com.ar\/index.php\/wp-json\/wp\/v2\/users\/1"}],"replies":[{"embeddable":true,"href":"https:\/\/amplitudmodulada.com.ar\/index.php\/wp-json\/wp\/v2\/comments?post=8675"}],"version-history":[{"count":2,"href":"https:\/\/amplitudmodulada.com.ar\/index.php\/wp-json\/wp\/v2\/pages\/8675\/revisions"}],"predecessor-version":[{"id":8680,"href":"https:\/\/amplitudmodulada.com.ar\/index.php\/wp-json\/wp\/v2\/pages\/8675\/revisions\/8680"}],"wp:attachment":[{"href":"https:\/\/amplitudmodulada.com.ar\/index.php\/wp-json\/wp\/v2\/media?parent=8675"}],"curies":[{"name":"wp","href":"https:\/\/api.w.org\/{rel}","templated":true}]}}