{"id":883,"date":"2024-02-17T18:20:21","date_gmt":"2024-02-17T21:20:21","guid":{"rendered":"https:\/\/amplitudmodulada.com.ar\/?page_id=883"},"modified":"2024-02-17T18:21:33","modified_gmt":"2024-02-17T21:21:33","slug":"noticia12880","status":"publish","type":"page","link":"https:\/\/amplitudmodulada.com.ar\/index.php\/noticia12880\/","title":{"rendered":"Ya est\u00e1 en el aire la emisora de Frecuencia Modulada de LV2"},"content":{"rendered":"\n<figure class=\"wp-block-image size-full\"><img loading=\"lazy\" decoding=\"async\" width=\"122\" height=\"120\" src=\"http:\/\/amplitudmodulada.com.ar\/wp-content\/uploads\/2024\/02\/televisionlitoral-e1708204250113.jpg\" alt=\"\" class=\"wp-image-884\"\/><\/figure>\n\n\n\n<p>Seg\u00fan destaca este martes 6 de febrero el sitio de Facebook Argentina en AM y FM, ya se encuentra al aire la emisora de Frecuencia Modulada de LV2 de C\u00f3rdoba, emisora desaparecida en 2011 y adjudicada hace dos a\u00f1os al Grupo Televisi\u00f3n Litoral.<\/p>\n\n\n\n<p>Argentina en AM y FM se\u00f1ala que la emisora de Frecuencia Modulada de LV2 sale al aire en 99.7 Mhz. y retransmite por el momento la programaci\u00f3n de FM Vida de Rosario.<\/p>\n\n\n\n<p>Los nuevos estudios de LV2 est\u00e1n instalados en un complejo de modernos edificios ubicados en Humberto Primo 650 de la ciudad de C\u00f3rdoba.<\/p>\n\n\n\n<p>Se desconoce a\u00fan cuando comenzar\u00e1 a salir al aire en Amplitud Modulada la nueva LV2.<\/p>\n\n\n\n<p>El Grupo Televisi\u00f3n Litoral cuenta con cincuenta y tres a\u00f1os en el aire y opera, entre otros medios, LT83 Canal 3 de Rosario, LT2 Radio 2, LRM742 FM Vida y Frecuencia Plus de Rosario.<\/p>\n\n\n\n<p>06,02,24<\/p>\n","protected":false},"excerpt":{"rendered":"<p>Seg\u00fan destaca este martes 6 de febrero el sitio de Facebook Argentina en AM y FM, ya se encuentra al aire la emisora de Frecuencia Modulada de LV2 de C\u00f3rdoba, emisora desaparecida en 2011 y adjudicada hace dos a\u00f1os al Grupo Televisi\u00f3n Litoral. Argentina en AM y FM se\u00f1ala que la emisora de Frecuencia Modulada &hellip; <a href=\"https:\/\/amplitudmodulada.com.ar\/index.php\/noticia12880\/\" class=\"more-link\">Continu\u00e1 leyendo <span class=\"screen-reader-text\">Ya est\u00e1 en el aire la emisora de Frecuencia Modulada de LV2<\/span><\/a><\/p>\n","protected":false},"author":1,"featured_media":0,"parent":0,"menu_order":0,"comment_status":"closed","ping_status":"closed","template":"","meta":{"footnotes":""},"class_list":["post-883","page","type-page","status-publish","hentry"],"_links":{"self":[{"href":"https:\/\/amplitudmodulada.com.ar\/index.php\/wp-json\/wp\/v2\/pages\/883","targetHints":{"allow":["GET"]}}],"collection":[{"href":"https:\/\/amplitudmodulada.com.ar\/index.php\/wp-json\/wp\/v2\/pages"}],"about":[{"href":"https:\/\/amplitudmodulada.com.ar\/index.php\/wp-json\/wp\/v2\/types\/page"}],"author":[{"embeddable":true,"href":"https:\/\/amplitudmodulada.com.ar\/index.php\/wp-json\/wp\/v2\/users\/1"}],"replies":[{"embeddable":true,"href":"https:\/\/amplitudmodulada.com.ar\/index.php\/wp-json\/wp\/v2\/comments?post=883"}],"version-history":[{"count":1,"href":"https:\/\/amplitudmodulada.com.ar\/index.php\/wp-json\/wp\/v2\/pages\/883\/revisions"}],"predecessor-version":[{"id":885,"href":"https:\/\/amplitudmodulada.com.ar\/index.php\/wp-json\/wp\/v2\/pages\/883\/revisions\/885"}],"wp:attachment":[{"href":"https:\/\/amplitudmodulada.com.ar\/index.php\/wp-json\/wp\/v2\/media?parent=883"}],"curies":[{"name":"wp","href":"https:\/\/api.w.org\/{rel}","templated":true}]}}