{"id":8923,"date":"2025-09-29T21:07:19","date_gmt":"2025-09-30T00:07:19","guid":{"rendered":"https:\/\/amplitudmodulada.com.ar\/?page_id=8923"},"modified":"2025-09-29T21:10:55","modified_gmt":"2025-09-30T00:10:55","slug":"noticia13900","status":"publish","type":"page","link":"https:\/\/amplitudmodulada.com.ar\/index.php\/noticia13900\/","title":{"rendered":"Denuncian el vaciamiento de LRA7 Radio Nacional C\u00f3rdoba"},"content":{"rendered":"\n<figure class=\"wp-block-image size-full\"><img loading=\"lazy\" decoding=\"async\" width=\"110\" height=\"110\" src=\"http:\/\/amplitudmodulada.com.ar\/wp-content\/uploads\/2024\/10\/LRA-e1728000015658.jpg\" alt=\"\" class=\"wp-image-4179\"\/><\/figure>\n\n\n\n<p>La Asociaci\u00f3n de Trabajadores del Estado (ATE) C\u00f3rdoba denunci\u00f3 el vaciamiento de LRA7 Radio Nacional C\u00f3rdoba y exigi\u00f3 la apertura de paritarias para negociar una recomposici\u00f3n de los haberes de sus trabajadores.<\/p>\n\n\n\n<p>La entidad gremial denunci\u00f3 la intervenci\u00f3n que design\u00f3 Javier Milei sobre la emisora p\u00fablica y cuestion\u00f3 la unificaci\u00f3n de la paritaria sectorial a la estatal.<\/p>\n\n\n\n<p>El reclamo se concreta en el marco de la asunci\u00f3n del nuevo interventor de los medios p\u00fablicos, Carlos Curci, vocero de la Sociedad Rural.<\/p>\n\n\n\n<p>En ese sentido, ATE C\u00f3rdoba denunci\u00f3 que &#8220;las y los trabajadores arrastran un retraso salarial de m\u00e1s del 50%&#8221; y agreg\u00f3 que el Ejecutivo no est\u00e1 atendiendo la instancia correspondiente y establecida por la ley.<\/p>\n\n\n\n<p>&#8220;Esto se suma al levantamiento de programaci\u00f3n local en radios del interior para poner programas de Buenos Aires, con la intenci\u00f3n de bajar l\u00ednea discursiva, y la sustituci\u00f3n de la FM local por la se\u00f1al de las FM de Buenos Aires (Nacional Rock y Nacional Folkl\u00f3rica)&#8221;, se\u00f1al\u00f3 Gonzalo Puig, delegado de ATE.<\/p>\n\n\n\n<p>Asimismo, el delegado sindical a\u00f1adi\u00f3 que &#8220;la situaci\u00f3n es muy preocupante atento que en el mes de abril se efectiviz\u00f3 la decisi\u00f3n de que Radio y Televisi\u00f3n Argentina deje de ser una Sociedad del Estado para ser una Sociedad An\u00f3nima Unipersonal&#8221;.<\/p>\n\n\n\n<p>Fuente: <a href=\"http:\/\/www.lmdiario.com.ar\" data-type=\"link\" data-id=\"www.lmdiario.com.ar\" target=\"_blank\" rel=\"noreferrer noopener\">www.lmdiario.com.ar<\/a> | C\u00f3rdoba &#8211; C\u00f3rdoba | 01.08.25<\/p>\n","protected":false},"excerpt":{"rendered":"<p>La Asociaci\u00f3n de Trabajadores del Estado (ATE) C\u00f3rdoba denunci\u00f3 el vaciamiento de LRA7 Radio Nacional C\u00f3rdoba y exigi\u00f3 la apertura de paritarias para negociar una recomposici\u00f3n de los haberes de sus trabajadores. La entidad gremial denunci\u00f3 la intervenci\u00f3n que design\u00f3 Javier Milei sobre la emisora p\u00fablica y cuestion\u00f3 la unificaci\u00f3n de la paritaria sectorial a &hellip; <a href=\"https:\/\/amplitudmodulada.com.ar\/index.php\/noticia13900\/\" class=\"more-link\">Continu\u00e1 leyendo <span class=\"screen-reader-text\">Denuncian el vaciamiento de LRA7 Radio Nacional C\u00f3rdoba<\/span><\/a><\/p>\n","protected":false},"author":1,"featured_media":0,"parent":0,"menu_order":0,"comment_status":"closed","ping_status":"closed","template":"","meta":{"footnotes":""},"class_list":["post-8923","page","type-page","status-publish","hentry"],"_links":{"self":[{"href":"https:\/\/amplitudmodulada.com.ar\/index.php\/wp-json\/wp\/v2\/pages\/8923","targetHints":{"allow":["GET"]}}],"collection":[{"href":"https:\/\/amplitudmodulada.com.ar\/index.php\/wp-json\/wp\/v2\/pages"}],"about":[{"href":"https:\/\/amplitudmodulada.com.ar\/index.php\/wp-json\/wp\/v2\/types\/page"}],"author":[{"embeddable":true,"href":"https:\/\/amplitudmodulada.com.ar\/index.php\/wp-json\/wp\/v2\/users\/1"}],"replies":[{"embeddable":true,"href":"https:\/\/amplitudmodulada.com.ar\/index.php\/wp-json\/wp\/v2\/comments?post=8923"}],"version-history":[{"count":2,"href":"https:\/\/amplitudmodulada.com.ar\/index.php\/wp-json\/wp\/v2\/pages\/8923\/revisions"}],"predecessor-version":[{"id":8926,"href":"https:\/\/amplitudmodulada.com.ar\/index.php\/wp-json\/wp\/v2\/pages\/8923\/revisions\/8926"}],"wp:attachment":[{"href":"https:\/\/amplitudmodulada.com.ar\/index.php\/wp-json\/wp\/v2\/media?parent=8923"}],"curies":[{"name":"wp","href":"https:\/\/api.w.org\/{rel}","templated":true}]}}