{"id":9042,"date":"2025-10-07T20:46:16","date_gmt":"2025-10-07T23:46:16","guid":{"rendered":"https:\/\/amplitudmodulada.com.ar\/?page_id=9042"},"modified":"2025-10-07T21:11:28","modified_gmt":"2025-10-08T00:11:28","slug":"noticia13917","status":"publish","type":"page","link":"https:\/\/amplitudmodulada.com.ar\/index.php\/noticia13917\/","title":{"rendered":"Radio Mitre reclama una suma millonaria a los herederos de Jorge Lanata"},"content":{"rendered":"\n<figure class=\"wp-block-image size-large is-resized\"><img loading=\"lazy\" decoding=\"async\" width=\"1024\" height=\"532\" src=\"http:\/\/amplitudmodulada.com.ar\/wp-content\/uploads\/2024\/01\/790-1024x532.png\" alt=\"\" class=\"wp-image-268\" style=\"width:142px;height:auto\"\/><\/figure>\n\n\n\n<p>A ocho meses de la muerte de Jorge Lanata, un programa de televisi\u00f3n inform\u00f3 este martes 12 de agosto que LR6 Radio Mitre le reclama una suma milonaria a los herederos del periodista.<\/p>\n\n\n\n<p>Seg\u00fan dieron a conocer en el programa &#8220;A la Tarde&#8221;, que se emite por Am\u00e9rica TV, la emisora del Grupo Clar\u00edn le reclama a los herederos de Jorge Lanata trescientos mil d\u00f3lares, de los seiscientos mil que oportunamente le prestaron al periodista para una operaci\u00f3n inmobiliaria.<\/p>\n\n\n\n<p>&#8220;La cifra est\u00e1 documentada&#8221;, asegur\u00f3 uno de los conductores del programa de televisi\u00f3n, en tanto que a\u00f1adi\u00f3 que la viuda y las hijas de Jorge Lanata se enteraron hace poco de esta novedad.<\/p>\n\n\n\n<p>En ese marco, en &#8220;A la Tarde&#8221; se se\u00f1al\u00f3 que el pr\u00e9stamo fue otorgado para comprar el departamento en donde hoy vive la viuda del periodista.<\/p>\n\n\n\n<p>Fallecido el pasado 30 de diciembre, Jorge Lanata conduc\u00eda en Radio Mitre el programa &#8220;Lanata Sin Filtro&#8221;.<\/p>\n\n\n\n<p>13.08.25<\/p>\n\n\n\n<p><\/p>\n","protected":false},"excerpt":{"rendered":"<p>A ocho meses de la muerte de Jorge Lanata, un programa de televisi\u00f3n inform\u00f3 este martes 12 de agosto que LR6 Radio Mitre le reclama una suma milonaria a los herederos del periodista. Seg\u00fan dieron a conocer en el programa &#8220;A la Tarde&#8221;, que se emite por Am\u00e9rica TV, la emisora del Grupo Clar\u00edn le &hellip; <a href=\"https:\/\/amplitudmodulada.com.ar\/index.php\/noticia13917\/\" class=\"more-link\">Continu\u00e1 leyendo <span class=\"screen-reader-text\">Radio Mitre reclama una suma millonaria a los herederos de Jorge Lanata<\/span><\/a><\/p>\n","protected":false},"author":1,"featured_media":0,"parent":0,"menu_order":0,"comment_status":"closed","ping_status":"closed","template":"","meta":{"footnotes":""},"class_list":["post-9042","page","type-page","status-publish","hentry"],"_links":{"self":[{"href":"https:\/\/amplitudmodulada.com.ar\/index.php\/wp-json\/wp\/v2\/pages\/9042","targetHints":{"allow":["GET"]}}],"collection":[{"href":"https:\/\/amplitudmodulada.com.ar\/index.php\/wp-json\/wp\/v2\/pages"}],"about":[{"href":"https:\/\/amplitudmodulada.com.ar\/index.php\/wp-json\/wp\/v2\/types\/page"}],"author":[{"embeddable":true,"href":"https:\/\/amplitudmodulada.com.ar\/index.php\/wp-json\/wp\/v2\/users\/1"}],"replies":[{"embeddable":true,"href":"https:\/\/amplitudmodulada.com.ar\/index.php\/wp-json\/wp\/v2\/comments?post=9042"}],"version-history":[{"count":2,"href":"https:\/\/amplitudmodulada.com.ar\/index.php\/wp-json\/wp\/v2\/pages\/9042\/revisions"}],"predecessor-version":[{"id":9050,"href":"https:\/\/amplitudmodulada.com.ar\/index.php\/wp-json\/wp\/v2\/pages\/9042\/revisions\/9050"}],"wp:attachment":[{"href":"https:\/\/amplitudmodulada.com.ar\/index.php\/wp-json\/wp\/v2\/media?parent=9042"}],"curies":[{"name":"wp","href":"https:\/\/api.w.org\/{rel}","templated":true}]}}