{"id":9066,"date":"2025-10-09T21:04:45","date_gmt":"2025-10-10T00:04:45","guid":{"rendered":"https:\/\/amplitudmodulada.com.ar\/?page_id=9066"},"modified":"2025-10-09T21:07:09","modified_gmt":"2025-10-10T00:07:09","slug":"noticia13921","status":"publish","type":"page","link":"https:\/\/amplitudmodulada.com.ar\/index.php\/noticia13921\/","title":{"rendered":"Muere la reconocida locutora Cristina Ruesjas"},"content":{"rendered":"\n<figure class=\"wp-block-image size-full\"><img loading=\"lazy\" decoding=\"async\" width=\"141\" height=\"80\" src=\"http:\/\/amplitudmodulada.com.ar\/wp-content\/uploads\/2024\/03\/LV12-e1711152370442.png\" alt=\"\" class=\"wp-image-1367\"\/><\/figure>\n\n\n\n<p>Falleci\u00f3 este s\u00e1bado la reconocida locutora Cristina Ruesjas, una de las figuras m\u00e1s emblem\u00e1ticas de la radiofon\u00eda de Tucum\u00e1n.<\/p>\n\n\n\n<p>La locutora fallecida este fin de semana fue durante muchos a\u00f1os la principal voz femenina de LV12 Radio Independencia, pero tambi\u00e9n hizo programas en LV7 Radio Tucum\u00e1n y en las emisoras de Frecuencia Modulada Metropolitana y Rivadavia Tucum\u00e1n, entre otras.<\/p>\n\n\n\n<p>A lo largo de su carrera profesional, la comunicadora se destac\u00f3 por su carisma y profesionalismo y se convirti\u00f3 as\u00ed en una de las voces m\u00e1s queridas por los oyentes.<\/p>\n\n\n\n<p>&#8220;La radio para m\u00ed fue una escuela de vida. La radio me di\u00f3 casi todo. Me hizo creer en la gente, me ense\u00f1\u00f3 a ser solidaria&#8221;, expres\u00f3 Cristina Ruesjas en una entrevista realizada a\u00f1os atr\u00e1s.<\/p>\n\n\n\n<p>En 2023, fue reconocida por la Municipalidad de San Miguel de Tucum\u00e1n como una de las &#8220;mujeres destacadas&#8221; de esa ciudad y ese a\u00f1o tambi\u00e9n fue distinguida por la Sociedad Argentina de Locutores.<\/p>\n\n\n\n<p>Fuente: <a href=\"http:\/\/www.lagaceta.com.ar\" data-type=\"link\" data-id=\"www.lagaceta.com.ar\" target=\"_blank\" rel=\"noreferrer noopener\">www.lagaceta.com.ar<\/a> | San Miguel de Tucum\u00e1n &#8211; Tucum\u00e1n | 18.08.25<\/p>\n\n\n\n<p><\/p>\n","protected":false},"excerpt":{"rendered":"<p>Falleci\u00f3 este s\u00e1bado la reconocida locutora Cristina Ruesjas, una de las figuras m\u00e1s emblem\u00e1ticas de la radiofon\u00eda de Tucum\u00e1n. La locutora fallecida este fin de semana fue durante muchos a\u00f1os la principal voz femenina de LV12 Radio Independencia, pero tambi\u00e9n hizo programas en LV7 Radio Tucum\u00e1n y en las emisoras de Frecuencia Modulada Metropolitana y &hellip; <a href=\"https:\/\/amplitudmodulada.com.ar\/index.php\/noticia13921\/\" class=\"more-link\">Continu\u00e1 leyendo <span class=\"screen-reader-text\">Muere la reconocida locutora Cristina Ruesjas<\/span><\/a><\/p>\n","protected":false},"author":1,"featured_media":0,"parent":0,"menu_order":0,"comment_status":"closed","ping_status":"closed","template":"","meta":{"footnotes":""},"class_list":["post-9066","page","type-page","status-publish","hentry"],"_links":{"self":[{"href":"https:\/\/amplitudmodulada.com.ar\/index.php\/wp-json\/wp\/v2\/pages\/9066","targetHints":{"allow":["GET"]}}],"collection":[{"href":"https:\/\/amplitudmodulada.com.ar\/index.php\/wp-json\/wp\/v2\/pages"}],"about":[{"href":"https:\/\/amplitudmodulada.com.ar\/index.php\/wp-json\/wp\/v2\/types\/page"}],"author":[{"embeddable":true,"href":"https:\/\/amplitudmodulada.com.ar\/index.php\/wp-json\/wp\/v2\/users\/1"}],"replies":[{"embeddable":true,"href":"https:\/\/amplitudmodulada.com.ar\/index.php\/wp-json\/wp\/v2\/comments?post=9066"}],"version-history":[{"count":3,"href":"https:\/\/amplitudmodulada.com.ar\/index.php\/wp-json\/wp\/v2\/pages\/9066\/revisions"}],"predecessor-version":[{"id":9069,"href":"https:\/\/amplitudmodulada.com.ar\/index.php\/wp-json\/wp\/v2\/pages\/9066\/revisions\/9069"}],"wp:attachment":[{"href":"https:\/\/amplitudmodulada.com.ar\/index.php\/wp-json\/wp\/v2\/media?parent=9066"}],"curies":[{"name":"wp","href":"https:\/\/api.w.org\/{rel}","templated":true}]}}