{"id":9072,"date":"2025-10-10T12:23:50","date_gmt":"2025-10-10T15:23:50","guid":{"rendered":"https:\/\/amplitudmodulada.com.ar\/?page_id=9072"},"modified":"2025-10-10T12:32:16","modified_gmt":"2025-10-10T15:32:16","slug":"noticia13922","status":"publish","type":"page","link":"https:\/\/amplitudmodulada.com.ar\/index.php\/noticia13922\/","title":{"rendered":"Cumple veintitr\u00e9s a\u00f1os en el aire el programa &#8220;Se Arm\u00f3 la Gorda&#8221;"},"content":{"rendered":"\n<figure class=\"wp-block-image size-full\"><img loading=\"lazy\" decoding=\"async\" width=\"102\" height=\"80\" src=\"http:\/\/amplitudmodulada.com.ar\/wp-content\/uploads\/2024\/01\/LW8-e1705421653931.png\" alt=\"\" class=\"wp-image-313\"\/><\/figure>\n\n\n\n<p>El programa &#8220;Se Arm\u00f3 la Gorda&#8221;, que se emite todos los domingos por LW8 AM 630 de San Salvador de Jujuy, cumple este lunes 18 de agosto veintitr\u00e9s a\u00f1os en el aire.<\/p>\n\n\n\n<p>&#8220;Se Arm\u00f3 la Gorda&#8221; naci\u00f3 el 18 de agosto de 2002 con Elisa Stella, Mariana Cajal y Silvia Vela y con el transcurrir de los a\u00f1os se sumaron nuevas protagonistas.<\/p>\n\n\n\n<p>El programa, que sale al aire todos los domingos de 10.30 a 13.00 horas, se destaca por el humor de cada una de sus integrantes, las consignas, los sorteos y la buena m\u00fasica.<\/p>\n\n\n\n<p>Este a\u00f1o, adem\u00e1s, el programa debut\u00f3 en televisi\u00f3n a trav\u00e9s de la pantalla de Canal 7 de Jujuy.<\/p>\n\n\n\n<p>Fuente: <a href=\"http:\/\/www.somosjujuy.com.ar\" data-type=\"link\" data-id=\"www.somosjujuy.com.ar\" target=\"_blank\" rel=\"noreferrer noopener\">www.somosjujuy.com.ar<\/a> | San Salvador de Jujuy &#8211; Jujuy | 18.08.25<\/p>\n","protected":false},"excerpt":{"rendered":"<p>El programa &#8220;Se Arm\u00f3 la Gorda&#8221;, que se emite todos los domingos por LW8 AM 630 de San Salvador de Jujuy, cumple este lunes 18 de agosto veintitr\u00e9s a\u00f1os en el aire. &#8220;Se Arm\u00f3 la Gorda&#8221; naci\u00f3 el 18 de agosto de 2002 con Elisa Stella, Mariana Cajal y Silvia Vela y con el transcurrir &hellip; <a href=\"https:\/\/amplitudmodulada.com.ar\/index.php\/noticia13922\/\" class=\"more-link\">Continu\u00e1 leyendo <span class=\"screen-reader-text\">Cumple veintitr\u00e9s a\u00f1os en el aire el programa &#8220;Se Arm\u00f3 la Gorda&#8221;<\/span><\/a><\/p>\n","protected":false},"author":1,"featured_media":0,"parent":0,"menu_order":0,"comment_status":"closed","ping_status":"closed","template":"","meta":{"footnotes":""},"class_list":["post-9072","page","type-page","status-publish","hentry"],"_links":{"self":[{"href":"https:\/\/amplitudmodulada.com.ar\/index.php\/wp-json\/wp\/v2\/pages\/9072","targetHints":{"allow":["GET"]}}],"collection":[{"href":"https:\/\/amplitudmodulada.com.ar\/index.php\/wp-json\/wp\/v2\/pages"}],"about":[{"href":"https:\/\/amplitudmodulada.com.ar\/index.php\/wp-json\/wp\/v2\/types\/page"}],"author":[{"embeddable":true,"href":"https:\/\/amplitudmodulada.com.ar\/index.php\/wp-json\/wp\/v2\/users\/1"}],"replies":[{"embeddable":true,"href":"https:\/\/amplitudmodulada.com.ar\/index.php\/wp-json\/wp\/v2\/comments?post=9072"}],"version-history":[{"count":3,"href":"https:\/\/amplitudmodulada.com.ar\/index.php\/wp-json\/wp\/v2\/pages\/9072\/revisions"}],"predecessor-version":[{"id":9076,"href":"https:\/\/amplitudmodulada.com.ar\/index.php\/wp-json\/wp\/v2\/pages\/9072\/revisions\/9076"}],"wp:attachment":[{"href":"https:\/\/amplitudmodulada.com.ar\/index.php\/wp-json\/wp\/v2\/media?parent=9072"}],"curies":[{"name":"wp","href":"https:\/\/api.w.org\/{rel}","templated":true}]}}