{"id":908,"date":"2024-02-18T13:21:50","date_gmt":"2024-02-18T16:21:50","guid":{"rendered":"https:\/\/amplitudmodulada.com.ar\/?page_id=908"},"modified":"2024-02-18T13:34:16","modified_gmt":"2024-02-18T16:34:16","slug":"noticia12883","status":"publish","type":"page","link":"https:\/\/amplitudmodulada.com.ar\/index.php\/noticia12883\/","title":{"rendered":"LV16 Radio R\u00edo Cuarto suma un nuevo canal de comunicaci\u00f3n"},"content":{"rendered":"\n<figure class=\"wp-block-image size-full\"><img loading=\"lazy\" decoding=\"async\" width=\"129\" height=\"80\" src=\"http:\/\/amplitudmodulada.com.ar\/wp-content\/uploads\/2024\/01\/LV16-e1704579742247.png\" alt=\"\" class=\"wp-image-91\"\/><\/figure>\n\n\n\n<p>LV16 Radio R\u00edo Cuarto anunci\u00f3 este mi\u00e9rcoles la incorporaci\u00f3n de un nuevo canal de comunicaci\u00f3n con sus oyentes. A partir de hoy, la emisora de Amplitud Modulada de R\u00edo Cuarto cuenta con un canal de WhatsApp para estar m\u00e1s cerca de su audiencia.<\/p>\n\n\n\n<p>&#8220;La aplicaci\u00f3n de mensajer\u00eda m\u00e1s usada en Argentina nos permite compartir todo lo que pasa en R\u00edo Cuarto y la regi\u00f3n central del pa\u00eds. Desde temprano y como si leyeras mensajes de tus amigos vas a poder acceder a las noticias claves para estar informado&#8221;, anunci\u00f3 en su p\u00e1gina web Radio R\u00edo Cuarto.<\/p>\n\n\n\n<p>Fundada el 29 de septiembre de 1951, Radio R\u00edo Cuarto forma parte actualmente del Grupo Apolo, que integran, adem\u00e1s LV15 Radio Villa Mercedes y LV28 Radio Villa Mar\u00eda, y sale al aire actualmente en 1010 Khz.<\/p>\n\n\n\n<p>Fuente: <a href=\"http:\/\/www.lv16.com.ar\" data-type=\"link\" data-id=\"www.lv16.com.ar\" target=\"_blank\" rel=\"noreferrer noopener\">www.lv16.com.ar<\/a> | R\u00edo Cuarto &#8211; C\u00f3rdoba | 07.02.24<\/p>\n","protected":false},"excerpt":{"rendered":"<p>LV16 Radio R\u00edo Cuarto anunci\u00f3 este mi\u00e9rcoles la incorporaci\u00f3n de un nuevo canal de comunicaci\u00f3n con sus oyentes. A partir de hoy, la emisora de Amplitud Modulada de R\u00edo Cuarto cuenta con un canal de WhatsApp para estar m\u00e1s cerca de su audiencia. &#8220;La aplicaci\u00f3n de mensajer\u00eda m\u00e1s usada en Argentina nos permite compartir todo &hellip; <a href=\"https:\/\/amplitudmodulada.com.ar\/index.php\/noticia12883\/\" class=\"more-link\">Continu\u00e1 leyendo <span class=\"screen-reader-text\">LV16 Radio R\u00edo Cuarto suma un nuevo canal de comunicaci\u00f3n<\/span><\/a><\/p>\n","protected":false},"author":1,"featured_media":0,"parent":0,"menu_order":0,"comment_status":"closed","ping_status":"closed","template":"","meta":{"footnotes":""},"class_list":["post-908","page","type-page","status-publish","hentry"],"_links":{"self":[{"href":"https:\/\/amplitudmodulada.com.ar\/index.php\/wp-json\/wp\/v2\/pages\/908","targetHints":{"allow":["GET"]}}],"collection":[{"href":"https:\/\/amplitudmodulada.com.ar\/index.php\/wp-json\/wp\/v2\/pages"}],"about":[{"href":"https:\/\/amplitudmodulada.com.ar\/index.php\/wp-json\/wp\/v2\/types\/page"}],"author":[{"embeddable":true,"href":"https:\/\/amplitudmodulada.com.ar\/index.php\/wp-json\/wp\/v2\/users\/1"}],"replies":[{"embeddable":true,"href":"https:\/\/amplitudmodulada.com.ar\/index.php\/wp-json\/wp\/v2\/comments?post=908"}],"version-history":[{"count":3,"href":"https:\/\/amplitudmodulada.com.ar\/index.php\/wp-json\/wp\/v2\/pages\/908\/revisions"}],"predecessor-version":[{"id":914,"href":"https:\/\/amplitudmodulada.com.ar\/index.php\/wp-json\/wp\/v2\/pages\/908\/revisions\/914"}],"wp:attachment":[{"href":"https:\/\/amplitudmodulada.com.ar\/index.php\/wp-json\/wp\/v2\/media?parent=908"}],"curies":[{"name":"wp","href":"https:\/\/api.w.org\/{rel}","templated":true}]}}