{"id":9129,"date":"2025-10-11T21:36:34","date_gmt":"2025-10-12T00:36:34","guid":{"rendered":"https:\/\/amplitudmodulada.com.ar\/?page_id=9129"},"modified":"2025-10-11T21:48:36","modified_gmt":"2025-10-12T00:48:36","slug":"noticia13931","status":"publish","type":"page","link":"https:\/\/amplitudmodulada.com.ar\/index.php\/noticia13931\/","title":{"rendered":"El programa &#8220;Soy Nacional&#8221; celebra cuatrocientas emisiones en Radio Nacional"},"content":{"rendered":"\n<figure class=\"wp-block-image size-full\"><img loading=\"lazy\" decoding=\"async\" width=\"110\" height=\"110\" src=\"http:\/\/amplitudmodulada.com.ar\/wp-content\/uploads\/2024\/10\/LRA-e1728000015658.jpg\" alt=\"\" class=\"wp-image-4179\"\/><\/figure>\n\n\n\n<p>El programa &#8220;Soy Nacional&#8221;, que conduce Sandra Mihanovich en Radio Nacional, alcanz\u00f3 sus cuatrocientas emisiones y lo celebrar\u00e1 el pr\u00f3ximo s\u00e1bado 23 de agosto con un show en vivo desde el Audiotorio de esa emisora.<\/p>\n\n\n\n<p>El encuentro tendr\u00e1 como eje central la obra de Mar\u00eda Elena Walsh, repertorio que Sandra Mihanovich compartir\u00e1 con distintos artistas, como Juan Carlos Baglietto, Topa, Marilina Ross, Lito Vitale, Hilda Lizarazu y Julia Zenko, entro otros.<\/p>\n\n\n\n<p>El programa saldr\u00e1 al aire por la se\u00f1ales de LRA1 Radio Nacional Buenos Aires, Nacional Rock y Nacional Fokl\u00f3rica.<\/p>\n\n\n\n<p>&#8220;Estamos muy felices, muy contentos. Es un orgullo muy grande llegar a todo el pa\u00eds desde Nacional, es un lujo y es un placer&#8221;, coment\u00f3 Sandra Mihanovich en di\u00e1logo con el programa &#8220;Ramos Generales&#8221;.<\/p>\n\n\n\n<p>Fuente: <a href=\"http:\/\/www.totalmedios.com\" data-type=\"link\" data-id=\"www.totalmedios.com\" target=\"_blank\" rel=\"noreferrer noopener\">www.totalmedios.com<\/a> | Ciudad Aut\u00f3noma de Buenos Aires | 21.08.25<\/p>\n\n\n\n<p><\/p>\n","protected":false},"excerpt":{"rendered":"<p>El programa &#8220;Soy Nacional&#8221;, que conduce Sandra Mihanovich en Radio Nacional, alcanz\u00f3 sus cuatrocientas emisiones y lo celebrar\u00e1 el pr\u00f3ximo s\u00e1bado 23 de agosto con un show en vivo desde el Audiotorio de esa emisora. El encuentro tendr\u00e1 como eje central la obra de Mar\u00eda Elena Walsh, repertorio que Sandra Mihanovich compartir\u00e1 con distintos artistas, &hellip; <a href=\"https:\/\/amplitudmodulada.com.ar\/index.php\/noticia13931\/\" class=\"more-link\">Continu\u00e1 leyendo <span class=\"screen-reader-text\">El programa &#8220;Soy Nacional&#8221; celebra cuatrocientas emisiones en Radio Nacional<\/span><\/a><\/p>\n","protected":false},"author":1,"featured_media":0,"parent":0,"menu_order":0,"comment_status":"closed","ping_status":"closed","template":"","meta":{"footnotes":""},"class_list":["post-9129","page","type-page","status-publish","hentry"],"_links":{"self":[{"href":"https:\/\/amplitudmodulada.com.ar\/index.php\/wp-json\/wp\/v2\/pages\/9129","targetHints":{"allow":["GET"]}}],"collection":[{"href":"https:\/\/amplitudmodulada.com.ar\/index.php\/wp-json\/wp\/v2\/pages"}],"about":[{"href":"https:\/\/amplitudmodulada.com.ar\/index.php\/wp-json\/wp\/v2\/types\/page"}],"author":[{"embeddable":true,"href":"https:\/\/amplitudmodulada.com.ar\/index.php\/wp-json\/wp\/v2\/users\/1"}],"replies":[{"embeddable":true,"href":"https:\/\/amplitudmodulada.com.ar\/index.php\/wp-json\/wp\/v2\/comments?post=9129"}],"version-history":[{"count":2,"href":"https:\/\/amplitudmodulada.com.ar\/index.php\/wp-json\/wp\/v2\/pages\/9129\/revisions"}],"predecessor-version":[{"id":9132,"href":"https:\/\/amplitudmodulada.com.ar\/index.php\/wp-json\/wp\/v2\/pages\/9129\/revisions\/9132"}],"wp:attachment":[{"href":"https:\/\/amplitudmodulada.com.ar\/index.php\/wp-json\/wp\/v2\/media?parent=9129"}],"curies":[{"name":"wp","href":"https:\/\/api.w.org\/{rel}","templated":true}]}}