{"id":9140,"date":"2025-10-13T18:35:48","date_gmt":"2025-10-13T21:35:48","guid":{"rendered":"https:\/\/amplitudmodulada.com.ar\/?page_id=9140"},"modified":"2025-10-13T18:43:06","modified_gmt":"2025-10-13T21:43:06","slug":"noticia13933","status":"publish","type":"page","link":"https:\/\/amplitudmodulada.com.ar\/index.php\/noticia13933\/","title":{"rendered":"Arranca este domingo en Radio 10 el programa &#8220;Alguien Tiene que Ceder&#8221;"},"content":{"rendered":"\n<figure class=\"wp-block-image size-full\"><img loading=\"lazy\" decoding=\"async\" width=\"126\" height=\"80\" src=\"http:\/\/amplitudmodulada.com.ar\/wp-content\/uploads\/2024\/01\/710-e1704587121920.png\" alt=\"\" class=\"wp-image-122\"\/><\/figure>\n\n\n\n<p>Arranca este fin de semana en LRL202 Radio 10 &#8220;Alguien Tiene que Ceder&#8221;. Con la conducci\u00f3n de la periodista Rosario Ayerdi, el nuevo programa saldr\u00e1 al aire todos los domingos de 17.00 a 19.00 horas.<\/p>\n\n\n\n<p>El nuevo ciclo nace con el objetivo de generar puentes, entendimientos y lecturas equilibradas sobre la pol\u00edtica, la econom\u00eda, los sucesos policiales y el deporte.<\/p>\n\n\n\n<p>El equipo de &#8220;Alguien Tiene que Ceder&#8221; estar\u00e1 integrado por Leonardo Garc\u00eda, encargado de cubrir las noticias policiales, Guido Agostinelli, especialista en temas econ\u00f3micos, y Brenda Prest\u00eda, en la locuci\u00f3n.<\/p>\n\n\n\n<p>Fuente: <a href=\"http:\/\/www.radio10.com.ar\" data-type=\"link\" data-id=\"www.radio10.com.ar\" target=\"_blank\" rel=\"noreferrer noopener\">www.radio10.com.ar<\/a> | Ciudad Aut\u00f3noma de Buenos Aires | 21.08.25<\/p>\n","protected":false},"excerpt":{"rendered":"<p>Arranca este fin de semana en LRL202 Radio 10 &#8220;Alguien Tiene que Ceder&#8221;. Con la conducci\u00f3n de la periodista Rosario Ayerdi, el nuevo programa saldr\u00e1 al aire todos los domingos de 17.00 a 19.00 horas. El nuevo ciclo nace con el objetivo de generar puentes, entendimientos y lecturas equilibradas sobre la pol\u00edtica, la econom\u00eda, los &hellip; <a href=\"https:\/\/amplitudmodulada.com.ar\/index.php\/noticia13933\/\" class=\"more-link\">Continu\u00e1 leyendo <span class=\"screen-reader-text\">Arranca este domingo en Radio 10 el programa &#8220;Alguien Tiene que Ceder&#8221;<\/span><\/a><\/p>\n","protected":false},"author":1,"featured_media":0,"parent":0,"menu_order":0,"comment_status":"closed","ping_status":"closed","template":"","meta":{"footnotes":""},"class_list":["post-9140","page","type-page","status-publish","hentry"],"_links":{"self":[{"href":"https:\/\/amplitudmodulada.com.ar\/index.php\/wp-json\/wp\/v2\/pages\/9140","targetHints":{"allow":["GET"]}}],"collection":[{"href":"https:\/\/amplitudmodulada.com.ar\/index.php\/wp-json\/wp\/v2\/pages"}],"about":[{"href":"https:\/\/amplitudmodulada.com.ar\/index.php\/wp-json\/wp\/v2\/types\/page"}],"author":[{"embeddable":true,"href":"https:\/\/amplitudmodulada.com.ar\/index.php\/wp-json\/wp\/v2\/users\/1"}],"replies":[{"embeddable":true,"href":"https:\/\/amplitudmodulada.com.ar\/index.php\/wp-json\/wp\/v2\/comments?post=9140"}],"version-history":[{"count":3,"href":"https:\/\/amplitudmodulada.com.ar\/index.php\/wp-json\/wp\/v2\/pages\/9140\/revisions"}],"predecessor-version":[{"id":9145,"href":"https:\/\/amplitudmodulada.com.ar\/index.php\/wp-json\/wp\/v2\/pages\/9140\/revisions\/9145"}],"wp:attachment":[{"href":"https:\/\/amplitudmodulada.com.ar\/index.php\/wp-json\/wp\/v2\/media?parent=9140"}],"curies":[{"name":"wp","href":"https:\/\/api.w.org\/{rel}","templated":true}]}}