{"id":9148,"date":"2025-10-13T18:51:08","date_gmt":"2025-10-13T21:51:08","guid":{"rendered":"https:\/\/amplitudmodulada.com.ar\/?page_id=9148"},"modified":"2025-10-13T19:01:27","modified_gmt":"2025-10-13T22:01:27","slug":"noticia13934","status":"publish","type":"page","link":"https:\/\/amplitudmodulada.com.ar\/index.php\/noticia13934\/","title":{"rendered":"Metro levanta toda su programaci\u00f3n y ser\u00e1 una emisora completamente musical"},"content":{"rendered":"\n<figure class=\"wp-block-image size-full\"><img loading=\"lazy\" decoding=\"async\" width=\"118\" height=\"100\" src=\"http:\/\/amplitudmodulada.com.ar\/wp-content\/uploads\/2024\/03\/metro-e1710692758643.png\" alt=\"\" class=\"wp-image-1314\"\/><\/figure>\n\n\n\n<p>La emisora de Frecuencia Modulada Metro levanta a partir del 1\u00ba de septiembre toda su grilla de programaci\u00f3n y se convertir\u00e1 en un emisora meramente musical.<\/p>\n\n\n\n<p>As\u00ed lo confirm\u00f3 este viernes 22 de agosto Nicol\u00e1s Cayetano Cajg en el programa &#8220;No Trates de Entenderlo&#8221;, que se emite por Metro.<\/p>\n\n\n\n<p>&#8220;Cuando hay un rumor, uno puede desmentirlo o confirmarlo. En este caso el rumor es que termina el programa y los programas de la radio y salgo a confirmarlo&#8221;, indic\u00f3 el conductor y brind\u00f3 algunos detalles sobre lo que ser\u00eda el relanzamiento de la radio.<\/p>\n\n\n\n<p>En ese sentido, Nicol\u00e1s Cayetano Cajg confirm\u00f3 que &#8220;termina toda la programaci\u00f3n de la radio a partir del 1 de septiembre, asume un nuevo gerente y creo que la radio se va a convertir en musical&#8221;.<\/p>\n\n\n\n<p>Metro naci\u00f3 el 2 de septiembre de 1998 y actualmente forma parte del conglomerado de medios del Grupo Alpha Media, que integran entre otros, LS5 Radio Rivadavia, LR4 Radio Splendid, FM Rock &amp; Pop y la agencia Noticias Argentinas.<\/p>\n\n\n\n<p>Fuente: <a href=\"http:\/\/www.lanacion.com.ar\" data-type=\"link\" data-id=\"www.lanacion.com.ar\" target=\"_blank\" rel=\"noreferrer noopener\">www.lanacion.com.ar<\/a> | Ciudad Aut\u00f3noma de Buenos Aires | 22.08.25<\/p>\n","protected":false},"excerpt":{"rendered":"<p>La emisora de Frecuencia Modulada Metro levanta a partir del 1\u00ba de septiembre toda su grilla de programaci\u00f3n y se convertir\u00e1 en un emisora meramente musical. As\u00ed lo confirm\u00f3 este viernes 22 de agosto Nicol\u00e1s Cayetano Cajg en el programa &#8220;No Trates de Entenderlo&#8221;, que se emite por Metro. &#8220;Cuando hay un rumor, uno puede &hellip; <a href=\"https:\/\/amplitudmodulada.com.ar\/index.php\/noticia13934\/\" class=\"more-link\">Continu\u00e1 leyendo <span class=\"screen-reader-text\">Metro levanta toda su programaci\u00f3n y ser\u00e1 una emisora completamente musical<\/span><\/a><\/p>\n","protected":false},"author":1,"featured_media":0,"parent":0,"menu_order":0,"comment_status":"closed","ping_status":"closed","template":"","meta":{"footnotes":""},"class_list":["post-9148","page","type-page","status-publish","hentry"],"_links":{"self":[{"href":"https:\/\/amplitudmodulada.com.ar\/index.php\/wp-json\/wp\/v2\/pages\/9148","targetHints":{"allow":["GET"]}}],"collection":[{"href":"https:\/\/amplitudmodulada.com.ar\/index.php\/wp-json\/wp\/v2\/pages"}],"about":[{"href":"https:\/\/amplitudmodulada.com.ar\/index.php\/wp-json\/wp\/v2\/types\/page"}],"author":[{"embeddable":true,"href":"https:\/\/amplitudmodulada.com.ar\/index.php\/wp-json\/wp\/v2\/users\/1"}],"replies":[{"embeddable":true,"href":"https:\/\/amplitudmodulada.com.ar\/index.php\/wp-json\/wp\/v2\/comments?post=9148"}],"version-history":[{"count":3,"href":"https:\/\/amplitudmodulada.com.ar\/index.php\/wp-json\/wp\/v2\/pages\/9148\/revisions"}],"predecessor-version":[{"id":9152,"href":"https:\/\/amplitudmodulada.com.ar\/index.php\/wp-json\/wp\/v2\/pages\/9148\/revisions\/9152"}],"wp:attachment":[{"href":"https:\/\/amplitudmodulada.com.ar\/index.php\/wp-json\/wp\/v2\/media?parent=9148"}],"curies":[{"name":"wp","href":"https:\/\/api.w.org\/{rel}","templated":true}]}}