{"id":9155,"date":"2025-10-13T19:06:56","date_gmt":"2025-10-13T22:06:56","guid":{"rendered":"https:\/\/amplitudmodulada.com.ar\/?page_id=9155"},"modified":"2025-10-13T19:16:20","modified_gmt":"2025-10-13T22:16:20","slug":"noticia13935","status":"publish","type":"page","link":"https:\/\/amplitudmodulada.com.ar\/index.php\/noticia13935\/","title":{"rendered":"Eduardo Feinmann: &#8220;Me van a tener que matar para que me calle la boca&#8221;"},"content":{"rendered":"\n<figure class=\"wp-block-image size-large is-resized\"><img loading=\"lazy\" decoding=\"async\" width=\"1024\" height=\"532\" src=\"http:\/\/amplitudmodulada.com.ar\/wp-content\/uploads\/2024\/01\/790-1024x532.png\" alt=\"\" class=\"wp-image-268\" style=\"width:141px;height:auto\"\/><\/figure>\n\n\n\n<p>Tras el incidente que protagoniz\u00f3 con Marcelo Peretta, Eduardo Feinmann utiliz\u00f3 el programa que conduce en LR6 Radio Mitre para aclarar su postura. &#8220;Me van a tener que matar para que me calle la boca&#8221;, asegur\u00f3.<\/p>\n\n\n\n<p>En ese sentido, el periodista agradeci\u00f3 las muestras de solidaridad recibidas desde distintos sectores, incluyendo pol\u00edticos, gremialistas, periodistas y empresarios.<\/p>\n\n\n\n<p>En sus declaraciones, el conductor de Radio Mitre calific\u00f3 a Marcelo Peretta como &#8220;un personaje oscuro, con antecedentes violentos, con un ej\u00e9rcito apretadores, un tipo peligroso&#8221;.<\/p>\n\n\n\n<p>Adem\u00e1s, describi\u00f3 al incidente como &#8220;un atentado, un ataque planificado, orquestado, con premeditaci\u00f3n y alevos\u00eda&#8221;.<\/p>\n\n\n\n<p>El periodista inci\u00f3 una causa legal tras la causa legal y dej\u00f3 en claro que no se dejar\u00e1 intimidar por este tipo de actos.<\/p>\n\n\n\n<p>Fuente: <a href=\"http:\/\/www.lanacion.com.ar\" data-type=\"link\" data-id=\"www.lanacion.com.ar\" target=\"_blank\" rel=\"noreferrer noopener\">www.lanacion.com.ar<\/a> | Ciudad Aut\u00f3noma de Buenos Aires | 22.08.25<\/p>\n","protected":false},"excerpt":{"rendered":"<p>Tras el incidente que protagoniz\u00f3 con Marcelo Peretta, Eduardo Feinmann utiliz\u00f3 el programa que conduce en LR6 Radio Mitre para aclarar su postura. &#8220;Me van a tener que matar para que me calle la boca&#8221;, asegur\u00f3. En ese sentido, el periodista agradeci\u00f3 las muestras de solidaridad recibidas desde distintos sectores, incluyendo pol\u00edticos, gremialistas, periodistas y &hellip; <a href=\"https:\/\/amplitudmodulada.com.ar\/index.php\/noticia13935\/\" class=\"more-link\">Continu\u00e1 leyendo <span class=\"screen-reader-text\">Eduardo Feinmann: &#8220;Me van a tener que matar para que me calle la boca&#8221;<\/span><\/a><\/p>\n","protected":false},"author":1,"featured_media":0,"parent":0,"menu_order":0,"comment_status":"closed","ping_status":"closed","template":"","meta":{"footnotes":""},"class_list":["post-9155","page","type-page","status-publish","hentry"],"_links":{"self":[{"href":"https:\/\/amplitudmodulada.com.ar\/index.php\/wp-json\/wp\/v2\/pages\/9155","targetHints":{"allow":["GET"]}}],"collection":[{"href":"https:\/\/amplitudmodulada.com.ar\/index.php\/wp-json\/wp\/v2\/pages"}],"about":[{"href":"https:\/\/amplitudmodulada.com.ar\/index.php\/wp-json\/wp\/v2\/types\/page"}],"author":[{"embeddable":true,"href":"https:\/\/amplitudmodulada.com.ar\/index.php\/wp-json\/wp\/v2\/users\/1"}],"replies":[{"embeddable":true,"href":"https:\/\/amplitudmodulada.com.ar\/index.php\/wp-json\/wp\/v2\/comments?post=9155"}],"version-history":[{"count":2,"href":"https:\/\/amplitudmodulada.com.ar\/index.php\/wp-json\/wp\/v2\/pages\/9155\/revisions"}],"predecessor-version":[{"id":9158,"href":"https:\/\/amplitudmodulada.com.ar\/index.php\/wp-json\/wp\/v2\/pages\/9155\/revisions\/9158"}],"wp:attachment":[{"href":"https:\/\/amplitudmodulada.com.ar\/index.php\/wp-json\/wp\/v2\/media?parent=9155"}],"curies":[{"name":"wp","href":"https:\/\/api.w.org\/{rel}","templated":true}]}}