{"id":9247,"date":"2025-10-19T15:27:31","date_gmt":"2025-10-19T18:27:31","guid":{"rendered":"https:\/\/amplitudmodulada.com.ar\/?page_id=9247"},"modified":"2025-10-19T15:36:36","modified_gmt":"2025-10-19T18:36:36","slug":"noticia13948","status":"publish","type":"page","link":"https:\/\/amplitudmodulada.com.ar\/index.php\/noticia13948\/","title":{"rendered":"LT15 AM 560 celebra sus 56 a\u00f1os con un homenaje al pasado"},"content":{"rendered":"\n<figure class=\"wp-block-image size-full\"><img loading=\"lazy\" decoding=\"async\" width=\"154\" height=\"60\" src=\"http:\/\/amplitudmodulada.com.ar\/wp-content\/uploads\/2024\/03\/LT15-e1709488416642.png\" alt=\"\" class=\"wp-image-1124\"\/><\/figure>\n\n\n\n<p>LT15 AM 560 de Concordia celebra el 56\u00ba aniversario de su primera emisi\u00f3n recuperando un jingle emblem\u00e1tico de los a\u00f1os 70, interpretado por Ramona Galarza, restaurado con inteligencia artificial y convertido en homenaje especial para su audiencia.<\/p>\n\n\n\n<p>La grabaci\u00f3n del recordado jingle &#8220;Viajero Amigo&#8221; fue hallado en uno de los pocos archivos conservados de la emisora y, mediante el uso de herramientas de inteligencia artificial, pudo ser restaurado y revitalizado.<\/p>\n\n\n\n<p>Adem\u00e1s, el material recuperado fue enriquecido con una letra in\u00e9dita, convirti\u00e9ndose en un homenaje a la trayectoria de la radio y en un puente simb\u00f3lico entre el pasado y el presente.<\/p>\n\n\n\n<p>Los festejos por el aniversario tambi\u00e9n incluyen, adem\u00e1s, sorteos y actividades destinadas a agradecer a la audiencia que ha acompa\u00f1ado a la emisora durante m\u00e1s de cinco d\u00e9cadas.<\/p>\n\n\n\n<p>Fundada el 11 de septiembre de 1969, en este nuevo aniversario LT15 AM 560 reafirma su compromiso con la tradici\u00f3n radial, al mismo tiempo que apuesta por la innovaci\u00f3n tecnol\u00f3gica para proyectarse hacia el futuro.<\/p>\n\n\n\n<p>Fuente: <a href=\"http:\/\/www.diariojunio.com.ar\" data-type=\"link\" data-id=\"www.diariojunio.com.ar\" target=\"_blank\" rel=\"noreferrer noopener\">www.diariojunio.com.ar<\/a> | Concordia &#8211; Entre R\u00edos | 29.08.25<\/p>\n","protected":false},"excerpt":{"rendered":"<p>LT15 AM 560 de Concordia celebra el 56\u00ba aniversario de su primera emisi\u00f3n recuperando un jingle emblem\u00e1tico de los a\u00f1os 70, interpretado por Ramona Galarza, restaurado con inteligencia artificial y convertido en homenaje especial para su audiencia. La grabaci\u00f3n del recordado jingle &#8220;Viajero Amigo&#8221; fue hallado en uno de los pocos archivos conservados de la &hellip; <a href=\"https:\/\/amplitudmodulada.com.ar\/index.php\/noticia13948\/\" class=\"more-link\">Continu\u00e1 leyendo <span class=\"screen-reader-text\">LT15 AM 560 celebra sus 56 a\u00f1os con un homenaje al pasado<\/span><\/a><\/p>\n","protected":false},"author":1,"featured_media":0,"parent":0,"menu_order":0,"comment_status":"closed","ping_status":"closed","template":"","meta":{"footnotes":""},"class_list":["post-9247","page","type-page","status-publish","hentry"],"_links":{"self":[{"href":"https:\/\/amplitudmodulada.com.ar\/index.php\/wp-json\/wp\/v2\/pages\/9247","targetHints":{"allow":["GET"]}}],"collection":[{"href":"https:\/\/amplitudmodulada.com.ar\/index.php\/wp-json\/wp\/v2\/pages"}],"about":[{"href":"https:\/\/amplitudmodulada.com.ar\/index.php\/wp-json\/wp\/v2\/types\/page"}],"author":[{"embeddable":true,"href":"https:\/\/amplitudmodulada.com.ar\/index.php\/wp-json\/wp\/v2\/users\/1"}],"replies":[{"embeddable":true,"href":"https:\/\/amplitudmodulada.com.ar\/index.php\/wp-json\/wp\/v2\/comments?post=9247"}],"version-history":[{"count":3,"href":"https:\/\/amplitudmodulada.com.ar\/index.php\/wp-json\/wp\/v2\/pages\/9247\/revisions"}],"predecessor-version":[{"id":9251,"href":"https:\/\/amplitudmodulada.com.ar\/index.php\/wp-json\/wp\/v2\/pages\/9247\/revisions\/9251"}],"wp:attachment":[{"href":"https:\/\/amplitudmodulada.com.ar\/index.php\/wp-json\/wp\/v2\/media?parent=9247"}],"curies":[{"name":"wp","href":"https:\/\/api.w.org\/{rel}","templated":true}]}}