{"id":9847,"date":"2025-12-02T12:04:27","date_gmt":"2025-12-02T15:04:27","guid":{"rendered":"https:\/\/amplitudmodulada.com.ar\/?page_id=9847"},"modified":"2025-12-02T12:14:33","modified_gmt":"2025-12-02T15:14:33","slug":"noticia14029","status":"publish","type":"page","link":"https:\/\/amplitudmodulada.com.ar\/index.php\/noticia14029\/","title":{"rendered":"El empresario Gustavo Scaglione se queda con FM One"},"content":{"rendered":"\n<figure class=\"wp-block-image size-full\"><img loading=\"lazy\" decoding=\"async\" width=\"132\" height=\"80\" src=\"http:\/\/amplitudmodulada.com.ar\/wp-content\/uploads\/2025\/11\/one-e1762104503512.png\" alt=\"\" class=\"wp-image-9473\"\/><\/figure>\n\n\n\n<p>Seg\u00fan destaca este jueves 6 de noviembre el diario Clar\u00edn, el empresario Gustavo Scaglione le compr\u00f3 al Grupo Indalo la emisora de Frecuencia Modulada One, que sale al aire desde la Ciudad de Buenos Aires en 103.7 Mhz.<\/p>\n\n\n\n<p>Fuentes del sector le confirmaron la operaci\u00f3n a Clar\u00edn, pero no dieron precisiones sobre el precio ni los planes de Gustavo Scaglione para la emisora, que tendr\u00eda previsto tomar posesi\u00f3n del medio antes de fin de a\u00f1o.<\/p>\n\n\n\n<p>Por su parte, se\u00f1ala el matutino, Crist\u00f3bal L\u00f3pez, propietario del Grupo Indalo, est\u00e1 en proceso tambi\u00e9n de vender la emisora de Frecuencia Modulada Vale, que sale al aire desde la Ciudad de Buenos Aires en 97.5 Mhz.<\/p>\n\n\n\n<p>De esta manera, el Grupo Indalo se quedar\u00eda con LRL202 Radio 10 y con las emisoras de Frecuencia Modulada Mega y Pop, que se trasladar\u00edan desde sus actuales sedes de Palermo a Chacarita, desde donde emite la se\u00f1al de noticias C5N.<\/p>\n\n\n\n<p>Gustavo Scaglione acaba de adquirir Telef\u00e9 en noventa y cinco millones de d\u00f3lares y es propietario, adem\u00e1s, de los diario Uno y La Capital y de las emisoras LT8 Radio Rosario, LT39 Radio Victoria y FM Vida, entre otros medios.<\/p>\n\n\n\n<p>Fuente: <a href=\"http:\/\/www.clarin.com\" data-type=\"link\" data-id=\"www.clarin.com\" target=\"_blank\" rel=\"noreferrer noopener\">www.clarin.com<\/a> | Ciudad Aut\u00f3noma de Buenos Aires | 06.11.25<\/p>\n\n\n\n<p><\/p>\n","protected":false},"excerpt":{"rendered":"<p>Seg\u00fan destaca este jueves 6 de noviembre el diario Clar\u00edn, el empresario Gustavo Scaglione le compr\u00f3 al Grupo Indalo la emisora de Frecuencia Modulada One, que sale al aire desde la Ciudad de Buenos Aires en 103.7 Mhz. Fuentes del sector le confirmaron la operaci\u00f3n a Clar\u00edn, pero no dieron precisiones sobre el precio ni &hellip; <a href=\"https:\/\/amplitudmodulada.com.ar\/index.php\/noticia14029\/\" class=\"more-link\">Continu\u00e1 leyendo <span class=\"screen-reader-text\">El empresario Gustavo Scaglione se queda con FM One<\/span><\/a><\/p>\n","protected":false},"author":1,"featured_media":0,"parent":0,"menu_order":0,"comment_status":"closed","ping_status":"closed","template":"","meta":{"footnotes":""},"class_list":["post-9847","page","type-page","status-publish","hentry"],"_links":{"self":[{"href":"https:\/\/amplitudmodulada.com.ar\/index.php\/wp-json\/wp\/v2\/pages\/9847","targetHints":{"allow":["GET"]}}],"collection":[{"href":"https:\/\/amplitudmodulada.com.ar\/index.php\/wp-json\/wp\/v2\/pages"}],"about":[{"href":"https:\/\/amplitudmodulada.com.ar\/index.php\/wp-json\/wp\/v2\/types\/page"}],"author":[{"embeddable":true,"href":"https:\/\/amplitudmodulada.com.ar\/index.php\/wp-json\/wp\/v2\/users\/1"}],"replies":[{"embeddable":true,"href":"https:\/\/amplitudmodulada.com.ar\/index.php\/wp-json\/wp\/v2\/comments?post=9847"}],"version-history":[{"count":2,"href":"https:\/\/amplitudmodulada.com.ar\/index.php\/wp-json\/wp\/v2\/pages\/9847\/revisions"}],"predecessor-version":[{"id":9850,"href":"https:\/\/amplitudmodulada.com.ar\/index.php\/wp-json\/wp\/v2\/pages\/9847\/revisions\/9850"}],"wp:attachment":[{"href":"https:\/\/amplitudmodulada.com.ar\/index.php\/wp-json\/wp\/v2\/media?parent=9847"}],"curies":[{"name":"wp","href":"https:\/\/api.w.org\/{rel}","templated":true}]}}