{"id":9873,"date":"2025-12-03T20:20:33","date_gmt":"2025-12-03T23:20:33","guid":{"rendered":"https:\/\/amplitudmodulada.com.ar\/?page_id=9873"},"modified":"2025-12-03T20:27:09","modified_gmt":"2025-12-03T23:27:09","slug":"noticia14033","status":"publish","type":"page","link":"https:\/\/amplitudmodulada.com.ar\/index.php\/noticia14033\/","title":{"rendered":"Radio Mitre lidera las mediciones de audiencia con el 30,96% de share"},"content":{"rendered":"\n<figure class=\"wp-block-image size-large is-resized\"><img loading=\"lazy\" decoding=\"async\" width=\"1024\" height=\"532\" src=\"http:\/\/amplitudmodulada.com.ar\/wp-content\/uploads\/2024\/01\/790-1024x532.png\" alt=\"\" class=\"wp-image-268\" style=\"width:141px;height:auto\"\/><\/figure>\n\n\n\n<p>De acuerdo a las \u00faltimas mediciones de audiencia realizadas por Kantar Ibope Media, correspondientes al trimestre comprendido entre agosto y octubre de este a\u00f1o, LR6 Radio Mitre es la emisora de Amplitud Modulada m\u00e1s escuchada, con el 30,96% de share.<\/p>\n\n\n\n<p>Seg\u00fan el mismo estudio, el segundo lugar lo ocupa LRL202 Radio 10, con el 16,95% de share.<\/p>\n\n\n\n<p>M\u00e1s atr\u00e1s se ubican, LR5 Radio La Red, con el 13,18%, LS5 Radio Rivadavia, con el 13,17%, LR1 Radio El Mundo, con el 9,55%, LRA1 Radio Nacional Buenos Aires, con el 4,57%, LRL203 AM 750, con el 4,20%, LS4 Radio Continental, con el 4,06%, LR4 Radio Splendid, con el 1,09%, y LR9 Radio Perfil, con el 0,25% de share.<\/p>\n\n\n\n<p>El rubro &#8220;Otras AM&#8221;, que engloba a LS10 Radio Del Plata, LR3 CNN Radio y LS1 Radio de la Ciudad, entre otras emisoras, alcanza el 1,46% de share.<\/p>\n\n\n\n<p>Entre las emisoras de Frecuencia Modulada, el primer lugar lo ocupa La 100 y m\u00e1s atr\u00e1s se ubican FM Aspen, Radio Disney, Rock &amp; Pop, Pop y Mega.<\/p>\n\n\n\n<p>10.11.25<\/p>\n","protected":false},"excerpt":{"rendered":"<p>De acuerdo a las \u00faltimas mediciones de audiencia realizadas por Kantar Ibope Media, correspondientes al trimestre comprendido entre agosto y octubre de este a\u00f1o, LR6 Radio Mitre es la emisora de Amplitud Modulada m\u00e1s escuchada, con el 30,96% de share. Seg\u00fan el mismo estudio, el segundo lugar lo ocupa LRL202 Radio 10, con el 16,95% &hellip; <a href=\"https:\/\/amplitudmodulada.com.ar\/index.php\/noticia14033\/\" class=\"more-link\">Continu\u00e1 leyendo <span class=\"screen-reader-text\">Radio Mitre lidera las mediciones de audiencia con el 30,96% de share<\/span><\/a><\/p>\n","protected":false},"author":1,"featured_media":0,"parent":0,"menu_order":0,"comment_status":"closed","ping_status":"closed","template":"","meta":{"footnotes":""},"class_list":["post-9873","page","type-page","status-publish","hentry"],"_links":{"self":[{"href":"https:\/\/amplitudmodulada.com.ar\/index.php\/wp-json\/wp\/v2\/pages\/9873","targetHints":{"allow":["GET"]}}],"collection":[{"href":"https:\/\/amplitudmodulada.com.ar\/index.php\/wp-json\/wp\/v2\/pages"}],"about":[{"href":"https:\/\/amplitudmodulada.com.ar\/index.php\/wp-json\/wp\/v2\/types\/page"}],"author":[{"embeddable":true,"href":"https:\/\/amplitudmodulada.com.ar\/index.php\/wp-json\/wp\/v2\/users\/1"}],"replies":[{"embeddable":true,"href":"https:\/\/amplitudmodulada.com.ar\/index.php\/wp-json\/wp\/v2\/comments?post=9873"}],"version-history":[{"count":2,"href":"https:\/\/amplitudmodulada.com.ar\/index.php\/wp-json\/wp\/v2\/pages\/9873\/revisions"}],"predecessor-version":[{"id":9876,"href":"https:\/\/amplitudmodulada.com.ar\/index.php\/wp-json\/wp\/v2\/pages\/9873\/revisions\/9876"}],"wp:attachment":[{"href":"https:\/\/amplitudmodulada.com.ar\/index.php\/wp-json\/wp\/v2\/media?parent=9873"}],"curies":[{"name":"wp","href":"https:\/\/api.w.org\/{rel}","templated":true}]}}